{"id":2409,"date":"2020-05-15T14:41:23","date_gmt":"2020-05-15T12:41:23","guid":{"rendered":"http:\/\/www.associazione-apertamente.org\/m\/?page_id=2409"},"modified":"2020-05-15T16:32:28","modified_gmt":"2020-05-15T14:32:28","slug":"statuto","status":"publish","type":"page","link":"http:\/\/www.associazione-apertamente.org\/m\/statuto\/","title":{"rendered":"Statuto"},"content":{"rendered":"\n<h2>Statuto<\/h2>\n\n\n\n<p>ART. 1 &#8211; DENOMINAZIONE<br>E&#8217; costituita una Associazione denominata &#8220;Apertamente&#8221;.<\/p>\n\n\n\n<p><br>ARTICOLO 2 &#8211; SEDE<br>L&#8217;Associazione ha sede in Monfalcone (GO), Via Piazza Cavour n.22, ed ha durata illimitata.<\/p>\n\n\n\n<p><br>ART. 3 &#8211; SCOPO<br>L&#8217;Associazione, senza fini di lucro e apartitica, ha lo scopo di promuovere e diffondere i valori e la cultura del riformismo, i valori della giustizia sociale e delle libert\u00e0 civili. Nel solco della storia e della cultura del socialismo democratico e del liberalismo, l&#8217;Associazione si propone di affrontare i diversi temi politici, economici e sociali, attraverso il metodo dell&#8217;analisi e della discussione.<br>L&#8217;Associazione si propone di realizzare occasioni pubbliche di incontro e dibattito al fine di diffondere e radicare nella societ\u00e0 un approccio intellettuale concreto ed oggettivo nell&#8217;analisi dei problemi del mondo contemporaneo, con particolare riguardo alla realt\u00e0 locale\/regionale.<br>Per il perseguimento delle finalit\u00e0 del sodalizio potranno essere costituite all&#8217;interno dell&#8217;Associazione delle Sezioni.<br>Per il raggiungimento dei propri scopi l&#8217;Associazione potr\u00e0:<br>a) organizzare dibattiti, convegni, seminari, incontri, procedendo alla eventuale pubblicazione dei relativi atti, nonch\u00e9 erogare premi e borse di studio, nell&#8217;ambito degli scopi di cui al presente oggetto;<br>b) stipulare ogni opportuno atto o contratto, anche per il finanziamento delle operazioni deliberate, tra cui, senza esclusione di altri, l&#8217;assunzione di prestiti, l&#8217;acquisto di beni mobili o immobili, la stipula di convenzioni di qualsiasi genere, anche trascrivibili nei Pubblici Registri, con Enti Pubblici o Privati, che siano considerate opportune ed utili per il raggiungimento degli scopi dell&#8217;Associazione;<br>c) stipulare convenzioni per l&#8217;affidamento in ge-stione di parte dell&#8217;attivit\u00e0;<br>d) partecipare ad Associazioni, Enti ed Istituzioni pubbliche e private, la cui attivit\u00e0 sia rivolta, direttamente o indirettamente, al perseguimento di finalit\u00e0 analoghe a quelle dell&#8217;Associazione.<br>L&#8217;Associazione non pu\u00f2 svolgere attivit\u00e0 diverse da quelle sopra indicate ad eccezione di quelle ad esse direttamente connesse o di quelle accessorie per natura a quelle statutarie, in quanto integrative delle stesse.<\/p>\n\n\n\n<p><br>ART. 4 &#8211; PATRIMONIO<br>Il patrimonio dell&#8217;Associazione \u00e8 costituito:<br>&#8211; dai beni mobili ed immobili che diverranno di propriet\u00e0 dell&#8217;Associazione a qualsiasi titolo;<br>&#8211; dagli eventuali fondi di riserva costituiti con le eccedenze di bilancio;<br>&#8211; da eventuali erogazioni, donazioni, legati e la-sciti.<br>Le entrate dell&#8217;Associazione sono costituite:<br>&#8211; dalle quote sociali;<br>&#8211; dal ricavato dell&#8217;organizzazione di manifestazioni o partecipazione ad esse;<br>&#8211; da ogni altra entrata che concorra ad incrementare l&#8217;attivo sociale, nonch\u00e9 da qualsiasi altra erogazione o contributo proveniente da Enti ed Organizzazioni internazionali, nazionali, regionali, locali, pubblici e privati.<br>Le quote o contributi associativi non possono essere ceduti, ad eccezione dei trasferimenti a causa di morte, e comunque non sono rivalutabili.<\/p>\n\n\n\n<p><br>ART. 5 &#8211; ESERCIZIO SOCIALE<br>L&#8217;esercizio finanziario si chiude il 31 (trentuno) dicembre di ogni anno.<br>Entro il mese di marzo verranno predisposti dal Consiglio Direttivo il bilancio consuntivo dell&#8217;e-sercizio precedente e quello preventivo del successivo esercizio, da sottoporre all&#8217;approvazione dell&#8217;Assemblea ordinaria.<br>I bilanci debbono restare depositati presso la sede dell&#8217;Associazione negli 8 (otto) giorni che precedono l&#8217;Assemblea convocata per la loro approvazione, a disposizione di tutti coloro che abbiano motivato interesse alla loro lettura.<\/p>\n\n\n\n<p><br>ART. 6 &#8211; UTILI E AVANZI DI GESTIONE<br>E&#8217; fatto divieto agli Amministratori di distribuire, anche in modo indiretto, utili o avanzi di gestione, comunque denominati, nonch\u00e9 fondi, riserve o capitale durante la vita dell&#8217;Associazione, salvo che la destinazione o la distribuzione non siano imposte dalla legge o siano effettuate a favore di altre organizzazioni non lucrative di utilit\u00e0 sociali (ONLUS).<br>L&#8217;Associazione ha l&#8217;obbligo di impiegare gli utili e gli avanzi di gestione per la realizzazione delle attivit\u00e0 istituzionali e di quelle ad esse direttamente connesse.<\/p>\n\n\n\n<p>ASSOCIATI<br>ART. 7 &#8211; Sono Associati i firmatari dell&#8217;Atto costitutivo e tutte le persone fisiche od Enti, la cui domanda di ammissione verr\u00e0 accettata dal Consiglio Direttivo e che verseranno, all&#8217;atto dell&#8217;ammissione, la quota di associazione che verr\u00e0 annualmente stabilita dal Consiglio Direttivo.<br>L&#8217;adesione all&#8217;Associazione non comporta obblighi di finanziamento o di esborso ulteriori rispetto al versamento della quota associativa an-nuale.<br>E&#8217; comunque facolt\u00e0 degli aderenti all&#8217;Associa-zione di effettuare ulteriori versamenti.<br>I versamenti al fondo di dotazione possono essere di qualsiasi entit\u00e0, fatto salvo il versamento della quota associativa annuale, e sono comunque a fondo perduto, non ripetibili n\u00e9 rivalutabili; in nessun caso, e quindi nemmeno in caso di scioglimento dell&#8217;Associazione, n\u00e9 in caso di morte, di estinzione, di recesso o di esclusione dalla Associazione pu\u00f2 pertanto farsi luogo alla ripetizione di quanto versato all&#8217;Associazione a titolo di versamento al fondo di dotazione.<br>Il versamento non crea altri diritti di partecipazione e, segnatamente, non crea quote indivise di partecipazione trasmissibili a terzi per successione e\/o ad altri titoli.<br>E&#8217; esclusa espressamente la temporaneit\u00e0 della partecipazione alla vita associativa.<br>Tutti gli Associati hanno uguali diritti.<br>L&#8217;adesione all&#8217;Associazione comporta per l&#8217;associato maggiore di et\u00e0 e per la persona giuridica, il diritto di voto nell&#8217;Assemblea per l&#8217;approvazione e le modificazioni dello Statuto e dei Regolamenti, per la nomina degli Organi direttivi dell&#8217;Associazione e per l&#8217;adozione di qualsiasi altra proposta all&#8217;esame di essa As-semblea.<br>Chi intende aderire all&#8217;Associazione deve rivolgere espressa domanda scritta al Consiglio Direttivo con la dichiarazione e l&#8217;impegno di condividere le finalit\u00e0 dell&#8217;Associazione e di osservarne lo Statuto e i Regolamenti e versa all&#8217;Associazione la quota associativa annuale fino al 31 (trentuno) dicembre dell&#8217;anno in corso.<br>Nella ipotesi di reiezione della domanda di adesione il Consiglio Direttivo non \u00e8 tenuto ad esplicitare la motivazione del proprio provvedimento. L&#8217;accettazione viene esplicitata dall&#8217;inserimento del nominativo del richiedente nell&#8217;apposito Registro degli Associati tenuto presso la sede dell&#8217;Associazione ed aggiornato ad ogni Riunione del Consiglio Direttivo stesso.<br>Agli Associati \u00e8 riconosciuto il diritto di recedere in qualsiasi momento dall&#8217;Associazione.<br>In presenza di gravi motivi, l&#8217;Associazione pu\u00f2 essere escluso con deliberazione del Consiglio Di-rettivo. L&#8217;esclusione ha effetto dal trentesimo giorno successivo alla notifica del provvedimento di esclusione, che va motivato. Nel caso di suo dissenso in ordine alle ragioni dell&#8217;esclusione, l&#8217;Associato che ne \u00e8 stato colpito, ha la facolt\u00e0 di adire all&#8217;arbitrato contemplato dal presente Statuto; in tal caso l&#8217;efficacia della deliberazione di esclusione \u00e8 sospesa fino alla pronuncia dell&#8217;arbitro investito della questione.<br>La qualit\u00e0 di Socio si perde altres\u00ec, su delibera del Consiglio Direttivo, per il mancato pagamento di due annualit\u00e0 consecutive della quota associativa annuale.<br>Ogni associato riceve dall&#8217;Associazione, almeno una volta l&#8217;anno, una comunicazione sulle attivit\u00e0 svolte dall&#8217;Associazione ed ha diritto di partecipare a tutte le attivit\u00e0 pubbliche dell&#8217;Associazione, di controllarne il bilancio e di richiedere copia delle deliberazioni dell&#8217;Assemblea.<\/p>\n\n\n\n<p>ART. 8 &#8211; ORGANI SOCIALI<br>Sono organi dell&#8217;Associazione:<br>&#8211; l&#8217;Assemblea degli Associati;<br>&#8211; il Consiglio Direttivo;<br>&#8211; il Presidente del Consiglio Direttivo;<br>&#8211; il Vice Presidente del Consiglio Direttivo.<\/p>\n\n\n\n<p>ART. 9 &#8211; ASSEMBLEE<br>L&#8217;Assemblea \u00e8 composta da tutti i soci iscritti nel Registro degli Associati.<br>L&#8217;Assemblea ordinaria si riunisce almeno una volta all&#8217;anno, entro il mese di aprile, ovvero entro il mese di giugno qualora particolari circo-stanze lo richiedono, per l&#8217;approvazione del bilancio consuntivo e del bilancio preventivo.<br>Essa inoltre:<br>&#8211; provvede alla nomina del Consiglio Direttivo, del Presidente e del Vice Presidente, del Tesoriere;<br>&#8211; delinea gli indirizzi generali dell&#8217;attivit\u00e0 dell&#8217;Associazione;<br>&#8211; delibera, su proposta del Consiglio Direttivo, sulla modifica della quota associativa annuale;<br>&#8211; approva, su proposta del Consiglio Direttivo, gli eventuali Regolamenti che disciplinano lo svolgimento dell&#8217;attivit\u00e0 dell&#8217;Associazione.<br>L&#8217;Assemblea Straordinaria delibera su:<br>&#8211; modifiche al presente Statuto;<br>&#8211; scioglimento e liquidazione dell&#8217;Associazione e devoluzione del suo patrimonio.<br>L&#8217;Assemblea, sia ordinaria che straordinaria, \u00e8 convocata dal Consiglio Direttivo, anche fuori dalla sede sociale, purch\u00e9 in Italia, ogni qualvolta questi lo ritenga opportuno, oppure ne sia fatta richiesta da almeno un decimo degli Associati (e comunque da almeno cinque Associati) o da almeno un terzo dei Consiglieri in carica (e comunque almeno due Consiglieri).<br>La convocazione dell&#8217;Assemblea, tanto ordinaria che straordinaria, sar\u00e0 fatta mediante avviso da comunicarsi al domicilio dei soci almeno otto giorni prima della data fissata per la prima convocazione a mezzo lettera, fax o a mezzo posta elettronica. L&#8217;avviso deve contenere l&#8217;elenco delle materie da trattare, l&#8217;indicazione del luogo dell&#8217;adunanza, della data e dell&#8217;ora della prima e della seconda convocazione.<br>La seconda convocazione sar\u00e0 fissata almeno un&#8217;ora dopo la prima convocazione.<br>L&#8217;Assemblea Ordinaria \u00e8 valida, qualunque sia l&#8217;oggetto da trattare, in prima convocazione quando sono presenti o rappresentati tanti Associati che rappresentino la maggioranza dei voti di tutti gli iscritti nel Registro degli Associati; in seconda convocazione qualunque sia il numero dei voti degli Associati presenti o rappresentati.<br>Le deliberazioni sono prese a maggioranza assoluta di voti degli Associati presenti o rappresentati all&#8217;adunanza.<br>L&#8217;Assemblea Straordinaria, sia in prima che in seconda convocazione, delibera qualunque sia l&#8217;og-getto da trattare, con il voto favorevole della met\u00e0 pi\u00f9 uno degli Associati aventi diritto al voto.<br>Quando si tratta di deliberare sullo scioglimento dell&#8217;Associazione, tanto in prima quanto in seconda convocazione, le deliberazioni vanno prese con il voto favorevole di almeno tre quarti degli Associati aventi diritto al voto.<br>Ogni Associato ha diritto ad un voto.<br>Gli Associati persone fisiche, che per qualsiasi motivo non possono intervenire personalmente all&#8217;Assemblea, hanno facolt\u00e0 di farsi rappresentare da altri Associati mediante delega scritta; gli Associati persone giuridiche possono farsi rappresentare da qualsiasi delegato del proprio legale rappresentante.<br>Ogni Associato pu\u00f2 ricevere un massimo di cinque deleghe.<br>L&#8217;Assemblea \u00e8 presieduta dal Presidente del Consiglio Direttivo, in mancanza dal Vice Presidente; in mancanza di entrambi l&#8217;Assemblea nomina il proprio Presidente.<br>La nomina del Segretario \u00e8 fatta dal Presidente dell&#8217;Assemblea.<br>La nomina del Segretario non ha luogo quando il verbale \u00e8 redatto da un Notaio.<br>Anche il verbale redatto da un Notaio deve essere trascritto nel libro delle adunanze e delle deliberazioni dell&#8217;Assemblea.<\/p>\n\n\n\n<p>ART. 10 &#8211; CONSIGLIO DIRETTIVO<br>L&#8217;Associazione \u00e8 amministrata da un Consiglio Direttivo composto da un minimo di 3 (tre) ad un massimo di 10 (dieci) membri \u2013 compresi il Presi-dente, il Vice Presidente e il Tesoriere \u2013 eletti fra gli Associati dell&#8217;Assemblea, che ne determina il numero.<br>I Consiglieri durano in carica tre anni e sono rieleggibili. Il primo Consiglio Direttivo \u00e8 composto dai soci fondatori dell&#8217;Associazione.<br>Nessun compenso \u00e8 dovuto ai membri del Consiglio. L&#8217;eventuale rimborso di spese documentate, sostenute per ragioni dell&#8217;ufficio ricoperto, avverr\u00e0 secondo la documentazione presentata ed eventualmente secondo quanto stabilito nel Regolamento.<br>Qualora per dimissioni o per altre cause vengano a mancare uno o pi\u00f9 Consiglieri, il Consiglio Direttivo provveder\u00e0 alla sostituzione mediante cooptazione.<br>Qualora, per dimissioni o per altre cause, venga a mancare, nel corso del medesimo esercizio sociale, la maggioranza dei componenti del Consiglio Direttivo, l&#8217;intero Consiglio s&#8217;intende decaduto ed i Consiglieri rimasti in carica provvederanno a convocare entro 30 (trenta) giorni l&#8217;Assemblea per la nomina dell&#8217;Organo di am-ministrazione.<br>Il Consiglio Direttivo \u00e8 convocato dal Presidente almeno due volte l&#8217;anno, ovvero tutte le volte che egli lo riterr\u00e0 utile, oppure quando ne sia fatta domanda da almeno due Consiglieri.<br>Il Consiglio Direttivo nomina un Segretario scelto anche tra persone estranee al Consiglio stesso. La nomina del Segretario deve comunque a-vere luogo qualora l&#8217;Assemblea non abbia provveduto a nominare un Tesoriere.<br>La convocazione \u00e8 fatta a mezzo lettera, tele-gramma, telefax, posta elettronica o altro mezzo equipollente da spedirsi non meno di cinque giorni prima dell&#8217;adunanza e, nei casi d&#8217;urgenza, almeno un giorno prima della riunione. La convocazione pu\u00f2 essere fatta anche in maniera diretta mediante sottoscrizione per ricevuta della convocazione stessa almeno 24 (ventiquattro) ore prima dell&#8217;adunanza. In caso di presenza di tutti i Consiglieri la riunione del Consiglio Direttivo \u00e8 valida anche senza convocazione.<br>Il Consiglio Direttivo \u00e8 presieduto dal Presidente, ovvero, in caso di sua assenza o impedimento, dal Vice Presidente, ovvero, in caso di assenza o impedimento anche di quest&#8217;ultimo, dal Consigliere pi\u00f9 anziano d&#8217;et\u00e0.<br>Il Consiglio Direttivo \u00e8 regolarmente costituito quando sia presente la maggioranza dei componenti in carica.<br>Il Consiglio Direttivo delibera con il voto favorevole della maggioranza dei suoi membri presenti.<br>In caso di parit\u00e0 prevale il voto di chi presiede.<br>Le deliberazioni del Consiglio Direttivo sono fatte constare mediante verbale in appositi registri e sono sottoscritte dal Presidente della riunione e dal Segretario.<br>Le riunioni del Consiglio Direttivo si possono svolgere anche a mezzo di video conferenza, salvo che sia sempre garantito l&#8217;intervento di tutti i partecipanti al dibattito ed al Segretario sia sempre possibile verificare la presenza dei Consiglieri.<br>Il Consiglio Direttivo \u00e8 investito dei pi\u00f9 ampi poteri per la gestione ordinaria e straordinaria dell&#8217;Associazione, compresi, fra gli altri quelli di:<br>a) organizzare le iniziative dell&#8217;Associazione;<br>b) determinare la quota associativa, secondo quanto eventualmente previsto dal Regolamento, da proporre per l&#8217;approvazione all&#8217;Assemblea dei so-ci;<br>c) formalmente nominare i nuovi Associati e gli Associati benemeriti;<br>d) predisporre il Regolamento interno e le eventuali modifiche al medesimo ed i bilanci consuntivo e preventivo da sottoporre all&#8217;Assemblea Ordinaria;<br>e) deliberare sull&#8217;ammissione ed esclusione degli Associati.<\/p>\n\n\n\n<p>ART. 11 &#8211; PRESIDENTE DEL CONSIGLIO DIRETTIVO<br>Al Presidente, o in sua assenza al Vice Presidente, spetta la firma sociale e la rappresentanza legale dell&#8217;Associazione nei confronti dei terzi e dinanzi a qualsiasi autorit\u00e0 statale, giudiziaria, amministrativa e nei confronti di qualsiasi organo o Ente.<br>????&nbsp;&nbsp; &nbsp;Su deliberazione del Consiglio Direttivo, il Presidente pu\u00f2 attribuire la rappresentanza dell&#8217;Associazione anche ad estranei al Consiglio stesso.<br>Al Presidente dell&#8217;Associazione compete, sulla base delle direttive emanate dall&#8217;Assemblea e dal Consiglio Direttivo \u2013 al quale comunque il Presidente riferisce circa l&#8217;attivit\u00e0 compiuta \u2013 l&#8217;ordinaria amministrazione dell&#8217;Associazione.<br>Il Presidente convoca l&#8217;Assemblea, convoca e presiede il Consiglio Direttivo, cura l&#8217;esecuzione delle deliberazioni di Assemblea e Consiglio Direttivo, sorveglia il buon andamento amministrativo dell&#8217;Associazione, verifica l&#8217;osservanza dello Statuto e dei Regolamenti, ne promuove la riforma ove se ne presenti la necessi-t\u00e0.<br>Il Presidente cura la predisposizione del bilancio preventivo e del bilancio consuntivo da sottoporre per l&#8217;approvazione al Consiglio Direttivo e poi all&#8217;Assemblea, corredandoli di idonee relazioni.<\/p>\n\n\n\n<p>ART. 12 &#8211; VICE PRESIDENTE DEL CONSIGLIO DIRETTIVO<br>Il Vice Presidente sostituisce il Presidente in ogni sua attribuzione ogni qualvolta questi sia assente o comunque impedito nell&#8217;esercizio delle sue funzioni.<\/p>\n\n\n\n<p>ART. 13 &#8211; SEGRETARIO DEL CONSIGLIO DIRETTIVO<br>Il Segretario ha il compito di redigere il verbale delle adunanze del Consiglio Direttivo e coadiuva il Presidente e il Consiglio Direttivo nell&#8217;esplicazione delle attivit\u00e0 esecutive che si rendano necessarie o opportune per il funzionamento dell&#8217;amministrazione dell&#8217;Associazione.<br>Il Segretario cura la tenuta del libro verbali delle Assemblee e del Consiglio di Amministrazione, nonch\u00e9 del libro degli aderenti all&#8217;Associazione. Possono assumere l&#8217;incarico di segretario sia componenti del Consiglio Direttivo sia terzi anche estranei all&#8217;Associazione.<\/p>\n\n\n\n<p>ART. 14 &#8211; LIBRI ASSOCIATIVI<br>Oltre alla tenuta dei libri prescritti dalla legge, l&#8217;Associazione tiene i libri verbali delle adunanze e delle deliberazioni dell&#8217;Assemblea e del Consiglio Direttivo, nonch\u00e9 il Registro degli Associati.<\/p>\n\n\n\n<p>ART. 15 &#8211; TESORIERE<br>Il Tesoriere \u2013 ovvero il Segretario, qualora l&#8217;Assemblea non abbia provveduto a nominare il Tesoriere \u2013 cura la gestione della cassa dell&#8217;associazione e ne tiene la contabilit\u00e0, effettua le relative verifiche, controlla la tenuta dei libri contabili, predispone, dal punto di vista contabile, il bilancio consuntivo e quello preventivo, accompagnandoli da idonea relazione contabile.<\/p>\n\n\n\n<p>ART. 16 &#8211; DEVOLUZIONE PATRIMONIO IN CASO DI SCIOGLIMENTO<br>In caso di scioglimento, per qualunque causa, del sodalizio l&#8217;Associazione ha l&#8217;obbligo di devolvere il suo patrimonio ad altre organizzazioni con finalit\u00e0 analoghe o a fini di pubblica utilit\u00e0, sentito l&#8217;Organismo di controllo di cui all&#8217;articolo 3, comma 190, della legge 23 dicembre 1996 n.662, salvo diversa destinazione imposta dalla legge.<\/p>\n\n\n\n<p>ART. 17 &#8211; REGOLAMENTO INTERNO<br>L&#8217;Associazione pu\u00f2 dotarsi di un Regolamento interno, che sar\u00e0 approvato, su proposta del Consiglio Direttivo, dall&#8217;Assemblea degli Asso-ciati.<\/p>\n\n\n\n<p>ART. 18 &#8211; CONTROVERSIE<br>Qualunque controversia insorta in dipendenza dell&#8217;esecuzione o interpretazione del presente Statuto e che possa formare oggetto di compromesso cos\u00ec come qualsiasi controversia tra Associati ed Associazione, sar\u00e0 rimessa al giudizio di un arbitro amichevole compositore che giudicher\u00e0 secondo equit\u00e0 e senza formalit\u00e0 di procedura, dando luogo ad arbitrato irrituale. L&#8217;arbitro sar\u00e0 scelto di comune accordo dalle parti contendenti; in mancanza di accordo, alla nomina dell&#8217;arbitro provveder\u00e0 il Presidente del Tribunale di Gorizia.<\/p>\n\n\n\n<p>ART. 19 &#8211; CLAUSOLE FINALI<br>Per quanto non espressamente previsto nel presente Statuto si fa riferimento alle norme del Codice Civile e delle leggi speciali riguardanti le Associazioni non lucrative.<\/p>\n<div class=\"pvc_clear\"><\/div><p class=\"pvc_stats total_only \" data-element-id=\"2409\" style=\"\"><i class=\"pvc-stats-icon large\" aria-hidden=\"true\"><svg aria-hidden=\"true\" focusable=\"false\" data-prefix=\"far\" data-icon=\"chart-bar\" role=\"img\" xmlns=\"http:\/\/www.w3.org\/2000\/svg\" viewBox=\"0 0 512 512\" class=\"svg-inline--fa fa-chart-bar fa-w-16 fa-2x\"><path fill=\"currentColor\" d=\"M396.8 352h22.4c6.4 0 12.8-6.4 12.8-12.8V108.8c0-6.4-6.4-12.8-12.8-12.8h-22.4c-6.4 0-12.8 6.4-12.8 12.8v230.4c0 6.4 6.4 12.8 12.8 12.8zm-192 0h22.4c6.4 0 12.8-6.4 12.8-12.8V140.8c0-6.4-6.4-12.8-12.8-12.8h-22.4c-6.4 0-12.8 6.4-12.8 12.8v198.4c0 6.4 6.4 12.8 12.8 12.8zm96 0h22.4c6.4 0 12.8-6.4 12.8-12.8V204.8c0-6.4-6.4-12.8-12.8-12.8h-22.4c-6.4 0-12.8 6.4-12.8 12.8v134.4c0 6.4 6.4 12.8 12.8 12.8zM496 400H48V80c0-8.84-7.16-16-16-16H16C7.16 64 0 71.16 0 80v336c0 17.67 14.33 32 32 32h464c8.84 0 16-7.16 16-16v-16c0-8.84-7.16-16-16-16zm-387.2-48h22.4c6.4 0 12.8-6.4 12.8-12.8v-70.4c0-6.4-6.4-12.8-12.8-12.8h-22.4c-6.4 0-12.8 6.4-12.8 12.8v70.4c0 6.4 6.4 12.8 12.8 12.8z\" class=\"\"><\/path><\/svg><\/i> Un milione e&nbsp;5,287&nbsp;persone hanno visitato questo sito<\/p><div class=\"pvc_clear\"><\/div>","protected":false},"excerpt":{"rendered":"<p>Statuto ART. 1 &#8211; DENOMINAZIONEE&#8217; costituita una Associazione denominata &#8220;Apertamente&#8221;. ARTICOLO 2 &#8211; SEDEL&#8217;Associazione ha sede in Monfalcone (GO), Via Piazza Cavour n.22, ed ha durata illimitata. ART. 3 &#8211; SCOPOL&#8217;Associazione, senza fini di lucro e apartitica, ha lo scopo di promuovere e diffondere i valori e la cultura del riformismo, i valori della giustizia sociale e delle libert\u00e0 civili. Nel solco della storia e della cultura del socialismo democratico e del liberalismo, l&#8217;Associazione si propone di affrontare i diversi<span class=\"excerpt-hellip\"> [\u2026]<\/span><\/p>\n<div class=\"pvc_clear\"><\/div>\n<p class=\"pvc_stats total_only \" data-element-id=\"2409\" style=\"\"><i class=\"pvc-stats-icon large\" aria-hidden=\"true\"><svg aria-hidden=\"true\" focusable=\"false\" data-prefix=\"far\" data-icon=\"chart-bar\" role=\"img\" xmlns=\"http:\/\/www.w3.org\/2000\/svg\" viewBox=\"0 0 512 512\" class=\"svg-inline--fa fa-chart-bar fa-w-16 fa-2x\"><path fill=\"currentColor\" d=\"M396.8 352h22.4c6.4 0 12.8-6.4 12.8-12.8V108.8c0-6.4-6.4-12.8-12.8-12.8h-22.4c-6.4 0-12.8 6.4-12.8 12.8v230.4c0 6.4 6.4 12.8 12.8 12.8zm-192 0h22.4c6.4 0 12.8-6.4 12.8-12.8V140.8c0-6.4-6.4-12.8-12.8-12.8h-22.4c-6.4 0-12.8 6.4-12.8 12.8v198.4c0 6.4 6.4 12.8 12.8 12.8zm96 0h22.4c6.4 0 12.8-6.4 12.8-12.8V204.8c0-6.4-6.4-12.8-12.8-12.8h-22.4c-6.4 0-12.8 6.4-12.8 12.8v134.4c0 6.4 6.4 12.8 12.8 12.8zM496 400H48V80c0-8.84-7.16-16-16-16H16C7.16 64 0 71.16 0 80v336c0 17.67 14.33 32 32 32h464c8.84 0 16-7.16 16-16v-16c0-8.84-7.16-16-16-16zm-387.2-48h22.4c6.4 0 12.8-6.4 12.8-12.8v-70.4c0-6.4-6.4-12.8-12.8-12.8h-22.4c-6.4 0-12.8 6.4-12.8 12.8v70.4c0 6.4 6.4 12.8 12.8 12.8z\" class=\"\"><\/path><\/svg><\/i> Un milione e&nbsp;5,287&nbsp;persone hanno visitato questo sito<\/p>\n<div class=\"pvc_clear\"><\/div>\n","protected":false},"author":1,"featured_media":0,"parent":0,"menu_order":0,"comment_status":"closed","ping_status":"closed","template":"","meta":[],"_links":{"self":[{"href":"http:\/\/www.associazione-apertamente.org\/m\/wp-json\/wp\/v2\/pages\/2409"}],"collection":[{"href":"http:\/\/www.associazione-apertamente.org\/m\/wp-json\/wp\/v2\/pages"}],"about":[{"href":"http:\/\/www.associazione-apertamente.org\/m\/wp-json\/wp\/v2\/types\/page"}],"author":[{"embeddable":true,"href":"http:\/\/www.associazione-apertamente.org\/m\/wp-json\/wp\/v2\/users\/1"}],"replies":[{"embeddable":true,"href":"http:\/\/www.associazione-apertamente.org\/m\/wp-json\/wp\/v2\/comments?post=2409"}],"version-history":[{"count":2,"href":"http:\/\/www.associazione-apertamente.org\/m\/wp-json\/wp\/v2\/pages\/2409\/revisions"}],"predecessor-version":[{"id":2848,"href":"http:\/\/www.associazione-apertamente.org\/m\/wp-json\/wp\/v2\/pages\/2409\/revisions\/2848"}],"wp:attachment":[{"href":"http:\/\/www.associazione-apertamente.org\/m\/wp-json\/wp\/v2\/media?parent=2409"}],"curies":[{"name":"wp","href":"https:\/\/api.w.org\/{rel}","templated":true}]}}